{"id":15124,"date":"2024-11-29T12:56:18","date_gmt":"2024-11-29T11:56:18","guid":{"rendered":"https:\/\/monv8.com\/avis-legal\/"},"modified":"2025-11-05T19:28:11","modified_gmt":"2025-11-05T18:28:11","slug":"avis-legal","status":"publish","type":"page","link":"https:\/\/monv8.com\/ca\/avis-legal\/","title":{"rendered":"Avis legal"},"content":{"rendered":"\t\t<div data-elementor-type=\"wp-page\" data-elementor-id=\"15124\" class=\"elementor elementor-15124 elementor-12649\" data-elementor-post-type=\"page\">\n\t\t\t\t\t\t<section class=\"elementor-section elementor-top-section elementor-element elementor-element-2ead elementor-section-boxed elementor-section-height-default elementor-section-height-default\" data-id=\"2ead\" data-element_type=\"section\" data-e-type=\"section\">\n\t\t\t\t\t\t<div class=\"elementor-container elementor-column-gap-default\">\n\t\t\t\t\t<div class=\"elementor-column elementor-col-100 elementor-top-column elementor-element elementor-element-5fc4\" data-id=\"5fc4\" data-element_type=\"column\" data-e-type=\"column\">\n\t\t\t<div class=\"elementor-widget-wrap elementor-element-populated\">\n\t\t\t\t\t\t<div class=\"elementor-element elementor-element-670ab2d elementor-widget elementor-widget-cdhl_section-title\" data-id=\"670ab2d\" data-element_type=\"widget\" data-e-type=\"widget\" data-widget_type=\"cdhl_section-title.default\">\n\t\t\t\t<div class=\"elementor-widget-container\">\n\t\t\t\t\t<div class=\"cdhl_section-title_wrapper\">\n\t<div class=\"section-title text-center style_1\" id=\"670ab2d\">\n\t\t\t<span class=\"sub-title\"><\/span>\n\t\t<h5 class=\"main-title\">\n\t\t\tDarrera actualitzaci\u00f3: 25 de mar\u00e7 de 2025.\t\t<\/h5>\n\t\t\t\t\t<div class=\"separator\"><\/div>\n\t\t\t\t<\/div>\n<\/div>\n\t\t\t\t<\/div>\n\t\t\t\t<\/div>\n\t\t\t\t<div class=\"elementor-element elementor-element-b00 elementor-widget__width-initial elementor-widget elementor-widget-text-editor\" data-id=\"b00\" data-element_type=\"widget\" data-e-type=\"widget\" data-widget_type=\"text-editor.default\">\n\t\t\t\t<div class=\"elementor-widget-container\">\n\t\t\t\t\t\t\t\t\t<p style=\"text-align: justify;\">Gr\u00e0cies per visitar la p\u00e0gina web CLD PERFORMANCE, SLU L\u2019acc\u00e9s est\u00e0 restringit a l\u2019acceptaci\u00f3 de les condicions d\u2019\u00fas seg\u00fcents, els quals poden ser modificats per CLD PERFORMANCE en qualsevol moment i sense previ av\u00eds.<\/p><p style=\"text-align: justify;\"><strong>En utilitzar aquest lloc web accepta complir amb els termes expressats en aquest av\u00eds i les modificacions subseq\u00fcents que CLD PERFORMANCE pogu\u00e9s implementar ocasionalment. <\/strong><strong>Si no accept\u00e9s les condicions d\u2019aquest Acord, no ha d\u2019utilitzar aquest lloc.<\/strong><\/p><p style=\"text-align: justify;\"><strong>INFORMACI\u00d3 LEGAL<\/strong><\/p><p style=\"text-align: justify;\">A continuaci\u00f3 s\u2019indiquen les dades d\u2019informaci\u00f3 general d\u2019aquest LLOC WEB : www.monv8.com<\/p><p style=\"text-align: justify;\">Titular: CLD PERFORMANCE, S.L.U<br \/>Direcci\u00f3 postal: Carrer Pau Casals 8, 2 pis, 1 porta Ed Cornell\u00e0 II (AD500)<br \/>Andorra la Vella, Principat d\u2019Andorra.<br \/>Tel\u00e8fon: +33 6 30 59 25 48<\/p><p style=\"text-align: justify;\">La visita a aquest LLOC WEB atribueix la condici\u00f3 d\u2019\u201cUSUARI\u201d al visitant, amb independ\u00e8ncia de la condici\u00f3 de \u201cCLIENT\u201d que aquest usuari pugui tenir amb CLD PERFORMANCE.<br \/>L\u2019objectiu d\u2019aquest LLOC WEB \u00e9s oferir als CLIENTS i\/o USUARIS informaci\u00f3 relativa a productes i serveis CLD PERFORMANCE. L\u2019USUARI, mitjan\u00e7ant l\u2019acc\u00e9s a tots els continguts que formen part del LLOC WEB, pot visitar, obtenir informaci\u00f3 de productes i serveis, i adre\u00e7ar sol\u00b7licituds i\/o comunicacions a CLD PERFORMANCE. Aquest acc\u00e9s implica l\u2019acceptaci\u00f3 plena i sense reserves de totes les disposicions i els termes d\u2019\u00fas que cont\u00e9 aquest \u201cAv\u00eds legal\u201d<\/p><p style=\"text-align: justify;\"><strong>PROPIETAT INTEL\u00b7LECTUAL I INDUSTRIAL<\/strong><\/p><p style=\"text-align: justify;\">Tots els continguts del LLOC WEB, entenent per aquests a t\u00edtol merament enunciatiu, els textos, fotografies, gr\u00e0fics, imatges, icones, tecnologia, programari, enlla\u00e7os i altres continguts audiovisuals o sonors, aix\u00ed com el seu disseny gr\u00e0fic i codis font (d\u2019ara endavant, els \u201cCONTINGUTS\u201d), s\u00f3n propietat intel\u00b7lectual de CLD PERFORMANCE o de tercers.<\/p><p style=\"text-align: justify;\">Les marques, noms comercials o signes distintius s\u00f3n titularitat de CLD PERFORMANCE o tercers, sense que pugui entendre\u2019s que l\u2019acc\u00e9s al LLOC WEB atribueixi cap dret sobre les marques, noms comercials i\/o signes distintius.<\/p><p style=\"text-align: justify;\">La violaci\u00f3 dels anteriors drets ser\u00e0 perseguida conforme a la legislaci\u00f3 vigent.<\/p><p style=\"text-align: justify;\">A l\u2019efecte de preservar els possibles drets de propietat intel\u00b7lectual, en el cas que qualsevol USUARI o un tercer consideri que s\u2019ha produ\u00eft una violaci\u00f3 dels seus leg\u00edtims drets per la introducci\u00f3 d\u2019un determinat contingut en el LLOC WEB, haur\u00e0 de notificar aquesta circumst\u00e0ncia a CLD PERFORMANCE.<\/p><p style=\"text-align: justify;\">En qualsevol cas, CLD PERFORMANCE no assumir\u00e0 responsabilitat respecte dels drets de Propietat Intel\u00b7lectual o Industrial titularitat de tercers, que es puguin veure infringits per un tercer o per l\u2019USUARI.<\/p><p style=\"text-align: justify;\"><strong>CONDICIONS D\u2019\u00daS DEL LLOC WEB<\/strong><\/p><p style=\"text-align: justify;\"><strong>CONDICIONS GENERALS<\/strong><\/p><p style=\"text-align: justify;\">L\u2019USUARI s\u2019obliga a fer un \u00fas correcte del LLOC WEB de conformitat amb la Llei i les presents condicions d\u2019\u00fas. L\u2019USUARI respondr\u00e0 enfront de CLD PERFORMANCE o enfront de tercers, de qualsevol dany i perjudici que poguessin esdevenir a conseq\u00fc\u00e8ncia de l\u2019incompliment d\u2019aquesta obligaci\u00f3.<\/p><p style=\"text-align: justify;\">Queda expressament prohibit l\u2019\u00fas del LLOC WEB amb finalitats lesives de b\u00e9ns o interessos de CLD PERFORMANCE o de tercers, o que de qualsevol altra forma sobrecarreguin, danyin o inutilitzin les xarxes, servidors i altres equips inform\u00e0tics o productes i aplicacions inform\u00e0tiques de l\u2019entitat o de tercers.<\/p><p style=\"text-align: justify;\"><strong>CONTINGUTS<\/strong><\/p><p style=\"text-align: justify;\">L\u2019USUARI es compromet a utilitzar els Continguts de conformitat amb la Llei i el present Av\u00eds legal, aix\u00ed com amb les altres condicions, reglaments i instruccions que, en el seu cas pogueren ser aplicable<\/p><p style=\"text-align: justify;\"><strong>EXCLUSI\u00d3 DE RESPONSABILITAT<\/strong><\/p><p style=\"text-align: justify;\"><strong>INFORMACI\u00d3<\/strong><\/p><p style=\"text-align: justify;\">L\u2019acc\u00e9s al LLOC WEB no implica l\u2019obligaci\u00f3 per part de CLD PERFORMANCE de comprovar la veracitat, exactitud, adequaci\u00f3, idone\u00eftat, exhaustivitat i actualitat de la informaci\u00f3 subministrada a trav\u00e9s d\u2019aquest. En aquest sentit, CLD PERFORMANCE no garanteix que els continguts del website hagin d\u2019estar permanentment actualitzats, ni que manquin de qualsevol classe d\u2019error.<\/p><p style=\"text-align: justify;\">CLD PERFORMANCE no es responsabilitza per qualsevol mal i\/o perjudici i\/o benefici deixat d\u2019obtenir per l\u2019USUARI o per qualsevol tercer que es vegi perjudicat a conseq\u00fc\u00e8ncia d\u2019aquests.<\/p><p style=\"text-align: justify;\"><strong>QUALITAT DEL SERVEI<\/strong><\/p><p style=\"text-align: justify;\">L\u2019acc\u00e9s al LLOC WEB no implica l\u2019obligaci\u00f3 per part de CLD PERFORMANCE de controlar l\u2019abs\u00e8ncia de virus, cucs o qualsevol altre element inform\u00e0tic nociu. Correspon a l\u2019USUARI, la disponibilitat d\u2019eines adequades per a la detecci\u00f3 i desinfecci\u00f3 de programes inform\u00e0tics nocius.<\/p><p style=\"text-align: justify;\">CLD PERFORMANCE es responsabilitza dels danys produ\u00efts en els equips inform\u00e0tics dels USUARIS o de tercers durant la prestaci\u00f3 del servei del LLOC WEB.<\/p><p style=\"text-align: justify;\"><strong>DISPONIBILITAT DEL SERVEI<\/strong><\/p><p style=\"text-align: justify;\">L\u2019acc\u00e9s al LLOC WEB requereix serveis i subministraments de tercers, incloses les xarxes de telecomunicacions. Per tant, la seva fiabilitat, qualitat, continu\u00eftat i funcionament dep\u00e8n de tercers. En aquest sentit, els continguts prove\u00efts a trav\u00e9s del LLOC WEB poden ser suspesos, cancel\u00b7lats o resultar inaccessibles.<\/p><p style=\"text-align: justify;\">CLD PERFORMANCE no es responsabilitza dels danys o perjudicis de qualsevol mena, produ\u00efts per errors o desconnexions a les xarxes de telecomunicacions, que puguin produir per la suspensi\u00f3, cancel\u00b7laci\u00f3 o interrupci\u00f3 del servei del LLOC WEB.<\/p><p style=\"text-align: justify;\"><strong>PROTECCI\u00d3 DE DADES<\/strong><\/p><p style=\"text-align: justify;\"><em>Veure la corresponent<\/em> Pol\u00edtica de Privacitat.<\/p><p style=\"text-align: justify;\"><strong>JURISDICCI\u00d3 I LLEI APLICABLE<\/strong><\/p><p style=\"text-align: justify;\">Aquest Av\u00eds Legal es regeix per la legislaci\u00f3 andorrana.<\/p><p style=\"text-align: justify;\">Els USUARIS d\u2019aquest LLOC WEB se sotmeten a la jurisdicci\u00f3 andorrana, amb ren\u00fancia expressa a qualsevol altre fur que, conforme a Dret, els pogu\u00e9s correspondre.<\/p><p style=\"text-align: justify;\">CLD PERFORMANCE es reserva la facultat d\u2019efectuar, en qualsevol moment i sense necessitat d\u2019av\u00eds previ, modificacions i actualitzacions de la informaci\u00f3 que cont\u00e9 el LLOC WEB o de la configuraci\u00f3 i\/o presentaci\u00f3 d\u2019aquest.<\/p><p style=\"text-align: justify;\">\u00a0<\/p>\t\t\t\t\t\t\t\t<\/div>\n\t\t\t\t<\/div>\n\t\t\t\t\t<\/div>\n\t\t<\/div>\n\t\t\t\t\t<\/div>\n\t\t<\/section>\n\t\t\t\t<\/div>\n\t\t","protected":false},"excerpt":{"rendered":"<p>Darrera actualitzaci\u00f3: 25 de mar\u00e7 de 2025. Gr\u00e0cies per visitar la p\u00e0gina web CLD PERFORMANCE, SLU L\u2019acc\u00e9s est\u00e0 restringit a l\u2019acceptaci\u00f3 de les condicions d\u2019\u00fas seg\u00fcents, els quals poden ser modificats per CLD PERFORMANCE en qualsevol moment i sense previ av\u00eds. En utilitzar aquest lloc web accepta complir amb els termes expressats en aquest av\u00eds [&hellip;]<\/p>\n","protected":false},"author":1,"featured_media":0,"parent":0,"menu_order":0,"comment_status":"closed","ping_status":"closed","template":"templates\/cadealer-elementor-full-width.php","meta":{"_acf_changed":false,"_joinchat":[],"footnotes":""},"class_list":["post-15124","page","type-page","status-publish","hentry"],"yoast_head":"<!-- This site is optimized with the Yoast SEO plugin v27.2 - https:\/\/yoast.com\/product\/yoast-seo-wordpress\/ -->\n<title>Avis legal - MonV8.com<\/title>\n<meta name=\"robots\" content=\"index, follow, max-snippet:-1, max-image-preview:large, max-video-preview:-1\" \/>\n<link rel=\"canonical\" href=\"https:\/\/monv8.com\/ca\/avis-legal\/\" \/>\n<meta property=\"og:locale\" content=\"ca_ES\" \/>\n<meta property=\"og:type\" content=\"article\" \/>\n<meta property=\"og:title\" content=\"Avis legal - MonV8.com\" \/>\n<meta property=\"og:description\" content=\"Darrera actualitzaci\u00f3: 25 de mar\u00e7 de 2025. Gr\u00e0cies per visitar la p\u00e0gina web CLD PERFORMANCE, SLU L\u2019acc\u00e9s est\u00e0 restringit a l\u2019acceptaci\u00f3 de les condicions d\u2019\u00fas seg\u00fcents, els quals poden ser modificats per CLD PERFORMANCE en qualsevol moment i sense previ av\u00eds. En utilitzar aquest lloc web accepta complir amb els termes expressats en aquest av\u00eds [&hellip;]\" \/>\n<meta property=\"og:url\" content=\"https:\/\/monv8.com\/ca\/avis-legal\/\" \/>\n<meta property=\"og:site_name\" content=\"MonV8.com\" \/>\n<meta property=\"article:modified_time\" content=\"2025-11-05T18:28:11+00:00\" \/>\n<meta name=\"twitter:card\" content=\"summary_large_image\" \/>\n<meta name=\"twitter:label1\" content=\"Temps estimat de lectura\" \/>\n\t<meta name=\"twitter:data1\" content=\"5 minuts\" \/>\n<script type=\"application\/ld+json\" class=\"yoast-schema-graph\">{\"@context\":\"https:\/\/schema.org\",\"@graph\":[{\"@type\":\"WebPage\",\"@id\":\"https:\/\/monv8.com\/ca\/avis-legal\/\",\"url\":\"https:\/\/monv8.com\/ca\/avis-legal\/\",\"name\":\"Avis legal - MonV8.com\",\"isPartOf\":{\"@id\":\"https:\/\/monv8.com\/ca\/#website\"},\"datePublished\":\"2024-11-29T11:56:18+00:00\",\"dateModified\":\"2025-11-05T18:28:11+00:00\",\"breadcrumb\":{\"@id\":\"https:\/\/monv8.com\/ca\/avis-legal\/#breadcrumb\"},\"inLanguage\":\"ca\",\"potentialAction\":[{\"@type\":\"ReadAction\",\"target\":[\"https:\/\/monv8.com\/ca\/avis-legal\/\"]}]},{\"@type\":\"BreadcrumbList\",\"@id\":\"https:\/\/monv8.com\/ca\/avis-legal\/#breadcrumb\",\"itemListElement\":[{\"@type\":\"ListItem\",\"position\":1,\"name\":\"Accueil\",\"item\":\"https:\/\/monv8.com\/ca\/\"},{\"@type\":\"ListItem\",\"position\":2,\"name\":\"Avis legal\"}]},{\"@type\":\"WebSite\",\"@id\":\"https:\/\/monv8.com\/ca\/#website\",\"url\":\"https:\/\/monv8.com\/ca\/\",\"name\":\"Mon V8\",\"description\":\"D\u00e9pot \/ Vente de voitures de sport et de collection, sp\u00e9cialiste de l&#039;investissement\",\"publisher\":{\"@id\":\"https:\/\/monv8.com\/ca\/#organization\"},\"potentialAction\":[{\"@type\":\"SearchAction\",\"target\":{\"@type\":\"EntryPoint\",\"urlTemplate\":\"https:\/\/monv8.com\/ca\/?s={search_term_string}\"},\"query-input\":{\"@type\":\"PropertyValueSpecification\",\"valueRequired\":true,\"valueName\":\"search_term_string\"}}],\"inLanguage\":\"ca\"},{\"@type\":\"Organization\",\"@id\":\"https:\/\/monv8.com\/ca\/#organization\",\"name\":\"Mon V8\",\"url\":\"https:\/\/monv8.com\/ca\/\",\"logo\":{\"@type\":\"ImageObject\",\"inLanguage\":\"ca\",\"@id\":\"https:\/\/monv8.com\/ca\/#\/schema\/logo\/image\/\",\"url\":\"https:\/\/monv8.com\/wp-content\/uploads\/2024\/11\/Logo_MonV8_c_01.png\",\"contentUrl\":\"https:\/\/monv8.com\/wp-content\/uploads\/2024\/11\/Logo_MonV8_c_01.png\",\"width\":550,\"height\":137,\"caption\":\"Mon V8\"},\"image\":{\"@id\":\"https:\/\/monv8.com\/ca\/#\/schema\/logo\/image\/\"}}]}<\/script>\n<!-- \/ Yoast SEO plugin. -->","yoast_head_json":{"title":"Avis legal - MonV8.com","robots":{"index":"index","follow":"follow","max-snippet":"max-snippet:-1","max-image-preview":"max-image-preview:large","max-video-preview":"max-video-preview:-1"},"canonical":"https:\/\/monv8.com\/ca\/avis-legal\/","og_locale":"ca_ES","og_type":"article","og_title":"Avis legal - MonV8.com","og_description":"Darrera actualitzaci\u00f3: 25 de mar\u00e7 de 2025. Gr\u00e0cies per visitar la p\u00e0gina web CLD PERFORMANCE, SLU L\u2019acc\u00e9s est\u00e0 restringit a l\u2019acceptaci\u00f3 de les condicions d\u2019\u00fas seg\u00fcents, els quals poden ser modificats per CLD PERFORMANCE en qualsevol moment i sense previ av\u00eds. En utilitzar aquest lloc web accepta complir amb els termes expressats en aquest av\u00eds [&hellip;]","og_url":"https:\/\/monv8.com\/ca\/avis-legal\/","og_site_name":"MonV8.com","article_modified_time":"2025-11-05T18:28:11+00:00","twitter_card":"summary_large_image","twitter_misc":{"Temps estimat de lectura":"5 minuts"},"schema":{"@context":"https:\/\/schema.org","@graph":[{"@type":"WebPage","@id":"https:\/\/monv8.com\/ca\/avis-legal\/","url":"https:\/\/monv8.com\/ca\/avis-legal\/","name":"Avis legal - MonV8.com","isPartOf":{"@id":"https:\/\/monv8.com\/ca\/#website"},"datePublished":"2024-11-29T11:56:18+00:00","dateModified":"2025-11-05T18:28:11+00:00","breadcrumb":{"@id":"https:\/\/monv8.com\/ca\/avis-legal\/#breadcrumb"},"inLanguage":"ca","potentialAction":[{"@type":"ReadAction","target":["https:\/\/monv8.com\/ca\/avis-legal\/"]}]},{"@type":"BreadcrumbList","@id":"https:\/\/monv8.com\/ca\/avis-legal\/#breadcrumb","itemListElement":[{"@type":"ListItem","position":1,"name":"Accueil","item":"https:\/\/monv8.com\/ca\/"},{"@type":"ListItem","position":2,"name":"Avis legal"}]},{"@type":"WebSite","@id":"https:\/\/monv8.com\/ca\/#website","url":"https:\/\/monv8.com\/ca\/","name":"Mon V8","description":"D\u00e9pot \/ Vente de voitures de sport et de collection, sp\u00e9cialiste de l&#039;investissement","publisher":{"@id":"https:\/\/monv8.com\/ca\/#organization"},"potentialAction":[{"@type":"SearchAction","target":{"@type":"EntryPoint","urlTemplate":"https:\/\/monv8.com\/ca\/?s={search_term_string}"},"query-input":{"@type":"PropertyValueSpecification","valueRequired":true,"valueName":"search_term_string"}}],"inLanguage":"ca"},{"@type":"Organization","@id":"https:\/\/monv8.com\/ca\/#organization","name":"Mon V8","url":"https:\/\/monv8.com\/ca\/","logo":{"@type":"ImageObject","inLanguage":"ca","@id":"https:\/\/monv8.com\/ca\/#\/schema\/logo\/image\/","url":"https:\/\/monv8.com\/wp-content\/uploads\/2024\/11\/Logo_MonV8_c_01.png","contentUrl":"https:\/\/monv8.com\/wp-content\/uploads\/2024\/11\/Logo_MonV8_c_01.png","width":550,"height":137,"caption":"Mon V8"},"image":{"@id":"https:\/\/monv8.com\/ca\/#\/schema\/logo\/image\/"}}]}},"acf":[],"_links":{"self":[{"href":"https:\/\/monv8.com\/ca\/wp-json\/wp\/v2\/pages\/15124","targetHints":{"allow":["GET"]}}],"collection":[{"href":"https:\/\/monv8.com\/ca\/wp-json\/wp\/v2\/pages"}],"about":[{"href":"https:\/\/monv8.com\/ca\/wp-json\/wp\/v2\/types\/page"}],"author":[{"embeddable":true,"href":"https:\/\/monv8.com\/ca\/wp-json\/wp\/v2\/users\/1"}],"replies":[{"embeddable":true,"href":"https:\/\/monv8.com\/ca\/wp-json\/wp\/v2\/comments?post=15124"}],"version-history":[{"count":4,"href":"https:\/\/monv8.com\/ca\/wp-json\/wp\/v2\/pages\/15124\/revisions"}],"predecessor-version":[{"id":15135,"href":"https:\/\/monv8.com\/ca\/wp-json\/wp\/v2\/pages\/15124\/revisions\/15135"}],"wp:attachment":[{"href":"https:\/\/monv8.com\/ca\/wp-json\/wp\/v2\/media?parent=15124"}],"curies":[{"name":"wp","href":"https:\/\/api.w.org\/{rel}","templated":true}]}}