{"id":15126,"date":"2021-06-30T10:32:50","date_gmt":"2021-06-30T08:32:50","guid":{"rendered":"https:\/\/monv8.com\/politica-de-privacitat\/"},"modified":"2025-11-05T19:29:09","modified_gmt":"2025-11-05T18:29:09","slug":"politica-de-privacitat","status":"publish","type":"page","link":"https:\/\/monv8.com\/ca\/politica-de-privacitat\/","title":{"rendered":"Pol\u00edtica de privacitat"},"content":{"rendered":"\t\t<div data-elementor-type=\"wp-page\" data-elementor-id=\"15126\" class=\"elementor elementor-15126 elementor-10802\" data-elementor-post-type=\"page\">\n\t\t\t\t\t\t<section class=\"elementor-section elementor-top-section elementor-element elementor-element-2ead elementor-section-boxed elementor-section-height-default elementor-section-height-default\" data-id=\"2ead\" data-element_type=\"section\" data-e-type=\"section\">\n\t\t\t\t\t\t<div class=\"elementor-container elementor-column-gap-default\">\n\t\t\t\t\t<div class=\"elementor-column elementor-col-100 elementor-top-column elementor-element elementor-element-5fc4\" data-id=\"5fc4\" data-element_type=\"column\" data-e-type=\"column\">\n\t\t\t<div class=\"elementor-widget-wrap elementor-element-populated\">\n\t\t\t\t\t\t<div class=\"elementor-element elementor-element-a624dd4 elementor-widget elementor-widget-cdhl_section-title\" data-id=\"a624dd4\" data-element_type=\"widget\" data-e-type=\"widget\" data-widget_type=\"cdhl_section-title.default\">\n\t\t\t\t<div class=\"elementor-widget-container\">\n\t\t\t\t\t<div class=\"cdhl_section-title_wrapper\">\n\t<div class=\"section-title text-center style_1\" id=\"a624dd4\">\n\t\t\t<span class=\"sub-title\"><\/span>\n\t\t<h5 class=\"main-title\">\n\t\t\tDarrera actualitzaci\u00f3: 25 de mar\u00e7 de 2025\t\t<\/h5>\n\t\t\t\t\t<div class=\"separator\"><\/div>\n\t\t\t\t<\/div>\n<\/div>\n\t\t\t\t<\/div>\n\t\t\t\t<\/div>\n\t\t\t\t<div class=\"elementor-element elementor-element-19fb elementor-widget elementor-widget-text-editor\" data-id=\"19fb\" data-element_type=\"widget\" data-e-type=\"widget\" data-widget_type=\"text-editor.default\">\n\t\t\t\t<div class=\"elementor-widget-container\">\n\t\t\t\t\t\t\t\t\t<p style=\"text-align: justify;\"><strong>POL\u00cdTICA DE PRIVACITAT D\u2019USUARIS (FORMULARI DE CONTACTE)<\/strong><\/p><p style=\"text-align: justify;\">Responsible: CLD PERFORMANCE, S.L.U.<br \/>Finalitat: Gestionar les consultes dels USUARIS de la WEB.<br \/>Base jur\u00eddica: El consentiment de l\u2019USUARI.<br \/>Destinataris: Les seves dades no se cediran.<br \/>Conservaci\u043e\u0301: Dotze (12) mesos.<br \/>Drets de l\u2019interessat: Accedir, rectificar i cancel\u00b7lar les dades referents a la seva persona,<br \/>oposar-se al tractament de les dades, sol\u00b7licitar la limitaci\u00f3 del tractament, o portabilitat de les dades.<\/p><p style=\"text-align: justify;\">D\u2019acord amb el que s\u2019estableix en la <em>Llei 29\/2021, de 28 de octubre, Qualificada de Protecci\u00f3 de Dades personals (LQPD), i el Decret 391\/2022, del 28-9-2022, d\u2019aprovaci\u00f3 del Reglament d\u2019aplicaci\u00f3 de la Llei 29\/2021, del 28 d\u2019octubre, qualificada de protecci\u00f3 de dades personals, l\u2019informem que les seves dades de car\u00e0cter personal recollides a trav\u00e9s del \u201cFormulari de Contacte\u201d<\/em> i seran tractades pel Responsable del<br \/>Tractament:<\/p><p style=\"text-align: justify;\">Responsable del tractament: CLD PERFORMANCE, S.L.U.<\/p><p style=\"text-align: justify;\">NRT: L-720494-D<br \/>Direcci\u00f3 postal: Carrer Pau Casals 8, 2 pis, 1 porta Ed Cornell\u00e0 II (AD500)<br \/>Andorra la Vella, Principat d\u2019Andorra.<br \/>Tel\u00e8fon: +33 6 30 59 25 48<\/p><p style=\"text-align: justify;\">Les seves dades seran tractades amb la finalitat de gestionar les seves sol\u00b7licituds i consultes que faci al nostre web a trav\u00e9s del formulari. Ens podrem posar en contacte amb vost\u00e8 a trav\u00e9s de correu electr\u00f2nic o per via telef\u00f2nica, a ra\u00f3 de les dades que ens ha facilitat.<\/p><p style=\"text-align: justify;\">La base legitimadora del tractament de les seves dades personals es fonamenta en el seu consentiment atorgat a trav\u00e9s de l\u2019acceptaci\u00f3 de la present pol\u00edtica de privadesa. Aix\u00ed mateix, l\u2019informem que el tractament de les dades no comporta decisions automatitzades, ni l\u2019elaboraci\u00f3 de perfils amb finalitats predictives de prefer\u00e8ncies personals, comportaments o actituds.<\/p><p style=\"text-align: justify;\">Les seves dades no seran cedides a altres responsables, nacionals i\/o internacionals; a excepci\u00f3 d\u2019aquells casos en qu\u00e8 existeixi una obligaci\u00f3 legal de fer-ho. Les dades proporcionades es conservaran durant el per\u00edode m\u00e0xim de 12 mesos.<\/p><p style=\"text-align: justify;\">Vost\u00e8 t\u00e9 dret a no atorgar el seu consentiment per al tractament de les seves dades personals; per\u00f2, en aquest cas, les conseq\u00fc\u00e8ncies de la seva negativa, implicaran la impossibilitat de donar-li resposta a la seva consulta.<\/p><p style=\"text-align: justify;\">Aprofitant l\u2019avinentesa els hi comuniquem que poden exercir els drets d\u2019acc\u00e9s, rectificaci\u00f3, oposici\u00f3, supressi\u00f3, limitaci\u00f3, i portabilitat, aix\u00ed com la seva decisi\u00f3 a no ser objecte de decisions individuals automatitzades; posant-se en contacte amb el Responsable del Tractament a trav\u00e9s del formulari de contacte del lloc web.<\/p><p style=\"text-align: justify;\">Aix\u00ed mateix, en cas de no poder exercir els seus drets davant el Responsable del Tractament, vost\u00e8 tindr\u00e0 dret a dirigir la seva reclamaci\u00f3 a l\u2019Ag\u00e8ncia de Protecci\u00f3 de Dades Andorrana (APDA).<\/p><p style=\"text-align: justify;\">Aix\u00ed mateix, l\u2019informem que el tractament de les dades no comporta decisions automatitzades, ni l\u2019elaboraci\u00f3 de perfils amb finalitats predictives de prefer\u00e8ncies personals, comportaments o actituds.<\/p><p style=\"text-align: justify;\">Les seves dades no seran cedides a altres responsables, nacionals i\/o internacionals; a excepci\u00f3 d\u2019aquells casos en qu\u00e8 existeixi una obligaci\u00f3 legal de fer-ho. Les dades proporcionades es conservaran durant la relaci\u00f3 contractual i tres (3) anys m\u00e9s des de la finalitzaci\u00f3 de la relaci\u00f3 contractual.<\/p><p style=\"text-align: justify;\">Aprofitant l\u2019avinentesa els hi comuniquem que poden exercir els drets d\u2019acc\u00e9s, rectificaci\u00f3, oposici\u00f3, supressi\u00f3, limitaci\u00f3, i portabilitat, aix\u00ed com la seva decisi\u00f3 a no ser objecte de decisions individuals automatitzades; posant-se en contacte a l\u2019Ag\u00e8ncia de Protecci\u00f3 de Dades Andorrana (APDA).<\/p>\t\t\t\t\t\t\t\t<\/div>\n\t\t\t\t<\/div>\n\t\t\t\t\t<\/div>\n\t\t<\/div>\n\t\t\t\t\t<\/div>\n\t\t<\/section>\n\t\t\t\t<\/div>\n\t\t","protected":false},"excerpt":{"rendered":"<p>Darrera actualitzaci\u00f3: 25 de mar\u00e7 de 2025 POL\u00cdTICA DE PRIVACITAT D\u2019USUARIS (FORMULARI DE CONTACTE) Responsible: CLD PERFORMANCE, S.L.U.Finalitat: Gestionar les consultes dels USUARIS de la WEB.Base jur\u00eddica: El consentiment de l\u2019USUARI.Destinataris: Les seves dades no se cediran.Conservaci\u043e\u0301: Dotze (12) mesos.Drets de l\u2019interessat: Accedir, rectificar i cancel\u00b7lar les dades referents a la seva persona,oposar-se al tractament [&hellip;]<\/p>\n","protected":false},"author":1,"featured_media":0,"parent":0,"menu_order":0,"comment_status":"closed","ping_status":"closed","template":"templates\/cadealer-elementor-full-width.php","meta":{"_acf_changed":false,"_joinchat":[],"footnotes":""},"class_list":["post-15126","page","type-page","status-publish","hentry"],"yoast_head":"<!-- This site is optimized with the Yoast SEO plugin v27.2 - https:\/\/yoast.com\/product\/yoast-seo-wordpress\/ -->\n<title>Pol\u00edtica de privacitat - MonV8.com<\/title>\n<meta name=\"robots\" content=\"index, follow, max-snippet:-1, max-image-preview:large, max-video-preview:-1\" \/>\n<link rel=\"canonical\" href=\"https:\/\/monv8.com\/ca\/politica-de-privacitat\/\" \/>\n<meta property=\"og:locale\" content=\"ca_ES\" \/>\n<meta property=\"og:type\" content=\"article\" \/>\n<meta property=\"og:title\" content=\"Pol\u00edtica de privacitat - MonV8.com\" \/>\n<meta property=\"og:description\" content=\"Darrera actualitzaci\u00f3: 25 de mar\u00e7 de 2025 POL\u00cdTICA DE PRIVACITAT D\u2019USUARIS (FORMULARI DE CONTACTE) Responsible: CLD PERFORMANCE, S.L.U.Finalitat: Gestionar les consultes dels USUARIS de la WEB.Base jur\u00eddica: El consentiment de l\u2019USUARI.Destinataris: Les seves dades no se cediran.Conservaci\u043e\u0301: Dotze (12) mesos.Drets de l\u2019interessat: Accedir, rectificar i cancel\u00b7lar les dades referents a la seva persona,oposar-se al tractament [&hellip;]\" \/>\n<meta property=\"og:url\" content=\"https:\/\/monv8.com\/ca\/politica-de-privacitat\/\" \/>\n<meta property=\"og:site_name\" content=\"MonV8.com\" \/>\n<meta property=\"article:modified_time\" content=\"2025-11-05T18:29:09+00:00\" \/>\n<meta name=\"twitter:card\" content=\"summary_large_image\" \/>\n<meta name=\"twitter:label1\" content=\"Temps estimat de lectura\" \/>\n\t<meta name=\"twitter:data1\" content=\"3 minuts\" \/>\n<script type=\"application\/ld+json\" class=\"yoast-schema-graph\">{\"@context\":\"https:\/\/schema.org\",\"@graph\":[{\"@type\":\"WebPage\",\"@id\":\"https:\/\/monv8.com\/ca\/politica-de-privacitat\/\",\"url\":\"https:\/\/monv8.com\/ca\/politica-de-privacitat\/\",\"name\":\"Pol\u00edtica de privacitat - MonV8.com\",\"isPartOf\":{\"@id\":\"https:\/\/monv8.com\/ca\/#website\"},\"datePublished\":\"2021-06-30T08:32:50+00:00\",\"dateModified\":\"2025-11-05T18:29:09+00:00\",\"breadcrumb\":{\"@id\":\"https:\/\/monv8.com\/ca\/politica-de-privacitat\/#breadcrumb\"},\"inLanguage\":\"ca\",\"potentialAction\":[{\"@type\":\"ReadAction\",\"target\":[\"https:\/\/monv8.com\/ca\/politica-de-privacitat\/\"]}]},{\"@type\":\"BreadcrumbList\",\"@id\":\"https:\/\/monv8.com\/ca\/politica-de-privacitat\/#breadcrumb\",\"itemListElement\":[{\"@type\":\"ListItem\",\"position\":1,\"name\":\"Accueil\",\"item\":\"https:\/\/monv8.com\/ca\/\"},{\"@type\":\"ListItem\",\"position\":2,\"name\":\"Pol\u00edtica de privacitat\"}]},{\"@type\":\"WebSite\",\"@id\":\"https:\/\/monv8.com\/ca\/#website\",\"url\":\"https:\/\/monv8.com\/ca\/\",\"name\":\"Mon V8\",\"description\":\"D\u00e9pot \/ Vente de voitures de sport et de collection, sp\u00e9cialiste de l&#039;investissement\",\"publisher\":{\"@id\":\"https:\/\/monv8.com\/ca\/#organization\"},\"potentialAction\":[{\"@type\":\"SearchAction\",\"target\":{\"@type\":\"EntryPoint\",\"urlTemplate\":\"https:\/\/monv8.com\/ca\/?s={search_term_string}\"},\"query-input\":{\"@type\":\"PropertyValueSpecification\",\"valueRequired\":true,\"valueName\":\"search_term_string\"}}],\"inLanguage\":\"ca\"},{\"@type\":\"Organization\",\"@id\":\"https:\/\/monv8.com\/ca\/#organization\",\"name\":\"Mon V8\",\"url\":\"https:\/\/monv8.com\/ca\/\",\"logo\":{\"@type\":\"ImageObject\",\"inLanguage\":\"ca\",\"@id\":\"https:\/\/monv8.com\/ca\/#\/schema\/logo\/image\/\",\"url\":\"https:\/\/monv8.com\/wp-content\/uploads\/2024\/11\/Logo_MonV8_c_01.png\",\"contentUrl\":\"https:\/\/monv8.com\/wp-content\/uploads\/2024\/11\/Logo_MonV8_c_01.png\",\"width\":550,\"height\":137,\"caption\":\"Mon V8\"},\"image\":{\"@id\":\"https:\/\/monv8.com\/ca\/#\/schema\/logo\/image\/\"}}]}<\/script>\n<!-- \/ Yoast SEO plugin. -->","yoast_head_json":{"title":"Pol\u00edtica de privacitat - MonV8.com","robots":{"index":"index","follow":"follow","max-snippet":"max-snippet:-1","max-image-preview":"max-image-preview:large","max-video-preview":"max-video-preview:-1"},"canonical":"https:\/\/monv8.com\/ca\/politica-de-privacitat\/","og_locale":"ca_ES","og_type":"article","og_title":"Pol\u00edtica de privacitat - MonV8.com","og_description":"Darrera actualitzaci\u00f3: 25 de mar\u00e7 de 2025 POL\u00cdTICA DE PRIVACITAT D\u2019USUARIS (FORMULARI DE CONTACTE) Responsible: CLD PERFORMANCE, S.L.U.Finalitat: Gestionar les consultes dels USUARIS de la WEB.Base jur\u00eddica: El consentiment de l\u2019USUARI.Destinataris: Les seves dades no se cediran.Conservaci\u043e\u0301: Dotze (12) mesos.Drets de l\u2019interessat: Accedir, rectificar i cancel\u00b7lar les dades referents a la seva persona,oposar-se al tractament [&hellip;]","og_url":"https:\/\/monv8.com\/ca\/politica-de-privacitat\/","og_site_name":"MonV8.com","article_modified_time":"2025-11-05T18:29:09+00:00","twitter_card":"summary_large_image","twitter_misc":{"Temps estimat de lectura":"3 minuts"},"schema":{"@context":"https:\/\/schema.org","@graph":[{"@type":"WebPage","@id":"https:\/\/monv8.com\/ca\/politica-de-privacitat\/","url":"https:\/\/monv8.com\/ca\/politica-de-privacitat\/","name":"Pol\u00edtica de privacitat - MonV8.com","isPartOf":{"@id":"https:\/\/monv8.com\/ca\/#website"},"datePublished":"2021-06-30T08:32:50+00:00","dateModified":"2025-11-05T18:29:09+00:00","breadcrumb":{"@id":"https:\/\/monv8.com\/ca\/politica-de-privacitat\/#breadcrumb"},"inLanguage":"ca","potentialAction":[{"@type":"ReadAction","target":["https:\/\/monv8.com\/ca\/politica-de-privacitat\/"]}]},{"@type":"BreadcrumbList","@id":"https:\/\/monv8.com\/ca\/politica-de-privacitat\/#breadcrumb","itemListElement":[{"@type":"ListItem","position":1,"name":"Accueil","item":"https:\/\/monv8.com\/ca\/"},{"@type":"ListItem","position":2,"name":"Pol\u00edtica de privacitat"}]},{"@type":"WebSite","@id":"https:\/\/monv8.com\/ca\/#website","url":"https:\/\/monv8.com\/ca\/","name":"Mon V8","description":"D\u00e9pot \/ Vente de voitures de sport et de collection, sp\u00e9cialiste de l&#039;investissement","publisher":{"@id":"https:\/\/monv8.com\/ca\/#organization"},"potentialAction":[{"@type":"SearchAction","target":{"@type":"EntryPoint","urlTemplate":"https:\/\/monv8.com\/ca\/?s={search_term_string}"},"query-input":{"@type":"PropertyValueSpecification","valueRequired":true,"valueName":"search_term_string"}}],"inLanguage":"ca"},{"@type":"Organization","@id":"https:\/\/monv8.com\/ca\/#organization","name":"Mon V8","url":"https:\/\/monv8.com\/ca\/","logo":{"@type":"ImageObject","inLanguage":"ca","@id":"https:\/\/monv8.com\/ca\/#\/schema\/logo\/image\/","url":"https:\/\/monv8.com\/wp-content\/uploads\/2024\/11\/Logo_MonV8_c_01.png","contentUrl":"https:\/\/monv8.com\/wp-content\/uploads\/2024\/11\/Logo_MonV8_c_01.png","width":550,"height":137,"caption":"Mon V8"},"image":{"@id":"https:\/\/monv8.com\/ca\/#\/schema\/logo\/image\/"}}]}},"acf":[],"_links":{"self":[{"href":"https:\/\/monv8.com\/ca\/wp-json\/wp\/v2\/pages\/15126","targetHints":{"allow":["GET"]}}],"collection":[{"href":"https:\/\/monv8.com\/ca\/wp-json\/wp\/v2\/pages"}],"about":[{"href":"https:\/\/monv8.com\/ca\/wp-json\/wp\/v2\/types\/page"}],"author":[{"embeddable":true,"href":"https:\/\/monv8.com\/ca\/wp-json\/wp\/v2\/users\/1"}],"replies":[{"embeddable":true,"href":"https:\/\/monv8.com\/ca\/wp-json\/wp\/v2\/comments?post=15126"}],"version-history":[{"count":4,"href":"https:\/\/monv8.com\/ca\/wp-json\/wp\/v2\/pages\/15126\/revisions"}],"predecessor-version":[{"id":15138,"href":"https:\/\/monv8.com\/ca\/wp-json\/wp\/v2\/pages\/15126\/revisions\/15138"}],"wp:attachment":[{"href":"https:\/\/monv8.com\/ca\/wp-json\/wp\/v2\/media?parent=15126"}],"curies":[{"name":"wp","href":"https:\/\/api.w.org\/{rel}","templated":true}]}}