{"id":15128,"date":"2024-11-29T12:56:34","date_gmt":"2024-11-29T11:56:34","guid":{"rendered":"https:\/\/monv8.com\/politica-de-cookies\/"},"modified":"2025-11-05T19:30:50","modified_gmt":"2025-11-05T18:30:50","slug":"politica-de-cookies","status":"publish","type":"page","link":"https:\/\/monv8.com\/ca\/politica-de-cookies\/","title":{"rendered":"Pol\u00edtica de cookies"},"content":{"rendered":"\t\t<div data-elementor-type=\"wp-page\" data-elementor-id=\"15128\" class=\"elementor elementor-15128 elementor-12651\" data-elementor-post-type=\"page\">\n\t\t\t\t\t\t<section class=\"elementor-section elementor-top-section elementor-element elementor-element-2ead elementor-section-boxed elementor-section-height-default elementor-section-height-default\" data-id=\"2ead\" data-element_type=\"section\" data-e-type=\"section\">\n\t\t\t\t\t\t<div class=\"elementor-container elementor-column-gap-default\">\n\t\t\t\t\t<div class=\"elementor-column elementor-col-100 elementor-top-column elementor-element elementor-element-5fc4\" data-id=\"5fc4\" data-element_type=\"column\" data-e-type=\"column\">\n\t\t\t<div class=\"elementor-widget-wrap elementor-element-populated\">\n\t\t\t\t\t\t<div class=\"elementor-element elementor-element-3e0d457 elementor-widget elementor-widget-cdhl_section-title\" data-id=\"3e0d457\" data-element_type=\"widget\" data-e-type=\"widget\" data-widget_type=\"cdhl_section-title.default\">\n\t\t\t\t<div class=\"elementor-widget-container\">\n\t\t\t\t\t<div class=\"cdhl_section-title_wrapper\">\n\t<div class=\"section-title text-center style_1\" id=\"3e0d457\">\n\t\t\t<span class=\"sub-title\"><\/span>\n\t\t<h5 class=\"main-title\">\n\t\t\tDarrera actualitzaci\u00f3: 25 de mar\u00e7 de 2025\t\t<\/h5>\n\t\t\t\t\t<div class=\"separator\"><\/div>\n\t\t\t\t<\/div>\n<\/div>\n\t\t\t\t<\/div>\n\t\t\t\t<\/div>\n\t\t\t\t<div class=\"elementor-element elementor-element-5ad7 elementor-widget elementor-widget-text-editor\" data-id=\"5ad7\" data-element_type=\"widget\" data-e-type=\"widget\" data-widget_type=\"text-editor.default\">\n\t\t\t\t<div class=\"elementor-widget-container\">\n\t\t\t\t\t\t\t\t\t<p style=\"text-align: justify;\" data-start=\"67\" data-end=\"93\"><strong data-start=\"67\" data-end=\"93\">1.1 Qu\u00e8 \u00e9s una cookie?<\/strong><\/p><p style=\"text-align: justify;\" data-start=\"95\" data-end=\"307\">Una cookie \u00e9s un sistema capa\u00e7 d\u2019emmagatzemar i\/o recopilar informaci\u00f3 relativa a la navegaci\u00f3 del terminal de l\u2019Usuari (ordinador, tauleta\u2026) sempre que aquest hi doni el seu consentiment i llevat que s\u2019hi oposi.<\/p><p style=\"text-align: justify;\" data-start=\"309\" data-end=\"361\"><strong data-start=\"309\" data-end=\"361\">1.2 Finalitats de les cookies utilitzades al web<\/strong><\/p><p style=\"text-align: justify;\" data-start=\"363\" data-end=\"678\">Aquestes cookies permeten a Mieux Fiscal memoritzar informaci\u00f3 relativa al registre o a l\u2019acc\u00e9s als nostres serveis, implementar mesures de seguretat o adaptar la presentaci\u00f3 dels serveis a les prefer\u00e8ncies de visualitzaci\u00f3 del terminal (idioma, sistema operatiu\u2026). Tamb\u00e9 permeten accedir al vostre compte personal.<\/p><p style=\"text-align: justify;\" data-start=\"680\" data-end=\"1144\">Les cookies permeten establir estad\u00edstiques i volums de freq\u00fcentaci\u00f3 i \u00fas dels diferents elements que componen els Serveis (p\u00e0gines i continguts visitats, recorreguts), com per exemple GOOGLE ANALYTICS, i dur a terme estudis per millorar el contingut ofert pels Serveis. Les cookies tamb\u00e9 permeten personalitzar la vostra relaci\u00f3 amb la nostra Societat proposant-vos publicitat dirigida. En aquest sentit, podem utilitzar serveis d\u2019empreses de publicitat en l\u00ednia.<\/p><p style=\"text-align: justify;\" data-start=\"1146\" data-end=\"1432\">Si l\u2019Usuari vol obtenir m\u00e9s informaci\u00f3 sobre les cookies, els seus drets i la manera de bloquejar-les, pot consultar el lloc <a class=\"decorated-link\" href=\"http:\/\/www.youronlinechoices.eu\" target=\"_new\" rel=\"noopener\" data-start=\"1271\" data-end=\"1302\">http:\/\/www.youronlinechoices.eu<\/a>. L\u2019Usuari tamb\u00e9 pot modificar les seves prefer\u00e8ncies sobre les cookies directament des de la interf\u00edcie prevista a aquest efecte.<\/p><p style=\"text-align: justify;\" data-start=\"1434\" data-end=\"1486\"><strong data-start=\"1434\" data-end=\"1486\">1.3 Elecci\u00f3 de l\u2019Usuari pel que fa a les cookies<\/strong><\/p><p style=\"text-align: justify;\" data-start=\"1488\" data-end=\"1588\">L\u2019Usuari pot expressar i modificar en qualsevol moment les seves prefer\u00e8ncies en mat\u00e8ria de cookies.<\/p><p style=\"text-align: justify;\" data-start=\"1590\" data-end=\"1716\">L\u2019Usuari pot configurar el seu navegador perqu\u00e8 les cookies siguin enregistrades o rebutjades, de manera puntual o definitiva.<\/p><p style=\"text-align: justify;\" data-start=\"1718\" data-end=\"1918\">Continuar la navegaci\u00f3 despr\u00e9s d\u2019haver estat informat de les categories de cookies susceptibles d\u2019instal\u00b7lar-se al vostre terminal i les seves finalitats implica el vostre consentiment al seu dip\u00f2sit.<\/p><p style=\"text-align: justify;\" data-start=\"1920\" data-end=\"1999\">El par\u00e0metre escollit pot modificar i\/o restringir l\u2019acc\u00e9s i l\u2019\u00fas dels Serveis.<\/p><p style=\"text-align: justify;\" data-start=\"2001\" data-end=\"2248\">El lloc web inclou diferents categories de cookies que nom\u00e9s s\u2019instal\u00b7laran si continueu navegant despr\u00e9s d\u2019haver llegit la bannera informativa o despr\u00e9s d\u2019haver configurat les vostres prefer\u00e8ncies mitjan\u00e7ant l\u2019enlla\u00e7 previst a la mateixa bannera.<\/p><p style=\"text-align: justify;\" data-start=\"2250\" data-end=\"2281\"><strong data-start=\"2250\" data-end=\"2281\">1.3.1 Les cookies t\u00e8cniques<\/strong><\/p><p style=\"text-align: justify;\" data-start=\"2283\" data-end=\"2475\">Si refuseu l\u2019enregistrament de cookies al vostre ordinador, no podreu beneficiar-vos d\u2019algunes funcionalitats i la vostra navegaci\u00f3 al lloc pot veure\u2019s modificada o fins i tot impossibilitada.<\/p><p style=\"text-align: justify;\" data-start=\"2477\" data-end=\"2754\">Mieux Fiscal declina tota responsabilitat per les conseq\u00fc\u00e8ncies relacionades amb un funcionament degradat dels Serveis derivat de la impossibilitat d\u2019enregistrar o consultar els rastrejadors necessaris al funcionament del lloc que hagin estat refusats o eliminats per l\u2019Usuari.<\/p><p style=\"text-align: justify;\" data-start=\"2756\" data-end=\"2814\"><strong data-start=\"2756\" data-end=\"2814\">1.3.2 Les cookies de estad\u00edstica i an\u00e0lisi d\u2019audi\u00e8ncia<\/strong><\/p><p style=\"text-align: justify;\" data-start=\"2816\" data-end=\"3092\">Aquestes cookies permeten establir estad\u00edstiques sobre el volum de freq\u00fcentaci\u00f3 del nostre lloc web i serveis (nombre de visites, visitants \u00fanics, p\u00e0gines vistes) i sobre l\u2019\u00fas dels diferents elements que els componen (seccions i continguts visitats, recorreguts de navegaci\u00f3).<\/p><p style=\"text-align: justify;\" data-start=\"3094\" data-end=\"3295\">Aquestes cookies tamb\u00e9 permeten millorar l\u2019inter\u00e8s i l\u2019ergonomia del nostre lloc web i serveis, aix\u00ed com detectar possibles dificultats de navegaci\u00f3 i oferir continguts adaptats als vostres interessos.<\/p><p style=\"text-align: justify;\" data-start=\"3297\" data-end=\"3354\"><strong data-start=\"3297\" data-end=\"3354\">1.3.3 Les cookies de publicitat i publicitat dirigida<\/strong><\/p><p style=\"text-align: justify;\" data-start=\"3356\" data-end=\"3411\">Les cookies de publicitat permeten, entre altres coses:<\/p><ul style=\"text-align: justify;\" data-start=\"3413\" data-end=\"3707\"><li data-start=\"3413\" data-end=\"3524\"><p data-start=\"3415\" data-end=\"3524\">Evitar la repetici\u00f3 d\u2019una mateixa publicitat, fins i tot si no est\u00e0 relacionada amb les vostres prefer\u00e8ncies,<\/p><\/li><li data-start=\"3525\" data-end=\"3638\"><p data-start=\"3527\" data-end=\"3638\">Determinar en temps real quina publicitat mostrar en funci\u00f3 dels vostres interessos segons la navegaci\u00f3 recent,<\/p><\/li><li data-start=\"3639\" data-end=\"3707\"><p data-start=\"3641\" data-end=\"3707\">Millorar la rellev\u00e0ncia dels missatges que poden ser-vos adre\u00e7ats.<\/p><\/li><\/ul><p style=\"text-align: justify;\" data-start=\"3709\" data-end=\"3891\">A m\u00e9s, CLD PERFORMANCE pot, si aix\u00ed ho accepteu, associar la informaci\u00f3 de navegaci\u00f3 tractada per les cookies amb les vostres dades personals per enviar-vos comunicacions comercials.<\/p><p style=\"text-align: justify;\" data-start=\"3893\" data-end=\"3971\">Podeu exercir les vostres prefer\u00e8ncies sobre les cookies segons l\u2019article 8.4.<\/p><p style=\"text-align: justify;\" data-start=\"3973\" data-end=\"4005\"><strong data-start=\"3973\" data-end=\"4005\">1.3.4 Les cookies de tercers<\/strong><\/p><p style=\"text-align: justify;\" data-start=\"4007\" data-end=\"4306\">El lloc pot utilitzar connectors de xarxes socials com Youtube, Facebook, Twitter, LinkedIn\u2026 Per exemple, si el Client est\u00e0 connectat a Youtube i reprodueix un v\u00eddeo del lloc, Youtube pot vincular directament la seva visita al seu perfil, encara que el Client no hagi utilitzat el bot\u00f3 de compartir.<\/p><p style=\"text-align: justify;\" data-start=\"4308\" data-end=\"4495\">Si el Client interactua amb els connectors (per exemple, clicant \u201cM\u2019agrada\u201d o deixant un comentari), la informaci\u00f3 es transmet i s\u2019emmagatzema al servidor de la xarxa social corresponent.<\/p><p style=\"text-align: justify;\" data-start=\"4497\" data-end=\"4755\">CLD PERFORMANCE no gestiona les dades recollides per aquestes xarxes. L\u2019Usuari ha de consultar la pol\u00edtica de protecci\u00f3 de dades de cada xarxa social per con\u00e8ixer el tractament i l\u2019\u00fas de les dades recollides, aix\u00ed com les opcions de configuraci\u00f3 disponibles.<\/p><p style=\"text-align: justify;\" data-start=\"4757\" data-end=\"4932\">Si no voleu que la Xarxa Social associ\u00ef la informaci\u00f3 recollida a trav\u00e9s del nostre lloc amb el vostre compte, haureu de desconnectar-vos de la xarxa abans de visitar el lloc.<\/p><p style=\"text-align: justify;\" data-start=\"4934\" data-end=\"4995\"><strong data-start=\"4934\" data-end=\"4995\">1.4 Com exercir les vostres opcions de gesti\u00f3 de cookies?<\/strong><\/p><p style=\"text-align: justify;\" data-start=\"4997\" data-end=\"5190\">En continuar navegant pel lloc, accepteu que cookies pr\u00f2pies i de tercers es puguin instal\u00b7lar al vostre terminal per a les finalitats indicades en la bannera informativa i en aquesta pol\u00edtica.<\/p><p style=\"text-align: justify;\" data-start=\"5192\" data-end=\"5278\">Podeu exercir les vostres opcions mitjan\u00e7ant l\u2019enlla\u00e7 previst a la bannera de cookies.<\/p>\t\t\t\t\t\t\t\t<\/div>\n\t\t\t\t<\/div>\n\t\t\t\t\t<\/div>\n\t\t<\/div>\n\t\t\t\t\t<\/div>\n\t\t<\/section>\n\t\t\t\t<\/div>\n\t\t","protected":false},"excerpt":{"rendered":"<p>Darrera actualitzaci\u00f3: 25 de mar\u00e7 de 2025 1.1 Qu\u00e8 \u00e9s una cookie? Una cookie \u00e9s un sistema capa\u00e7 d\u2019emmagatzemar i\/o recopilar informaci\u00f3 relativa a la navegaci\u00f3 del terminal de l\u2019Usuari (ordinador, tauleta\u2026) sempre que aquest hi doni el seu consentiment i llevat que s\u2019hi oposi. 1.2 Finalitats de les cookies utilitzades al web Aquestes cookies [&hellip;]<\/p>\n","protected":false},"author":1,"featured_media":0,"parent":0,"menu_order":0,"comment_status":"closed","ping_status":"closed","template":"templates\/cadealer-elementor-full-width.php","meta":{"_acf_changed":false,"_joinchat":[],"footnotes":""},"class_list":["post-15128","page","type-page","status-publish","hentry"],"yoast_head":"<!-- This site is optimized with the Yoast SEO plugin v27.2 - https:\/\/yoast.com\/product\/yoast-seo-wordpress\/ -->\n<title>Pol\u00edtica de cookies - MonV8.com<\/title>\n<meta name=\"robots\" content=\"index, follow, max-snippet:-1, max-image-preview:large, max-video-preview:-1\" \/>\n<link rel=\"canonical\" href=\"https:\/\/monv8.com\/ca\/politica-de-cookies\/\" \/>\n<meta property=\"og:locale\" content=\"ca_ES\" \/>\n<meta property=\"og:type\" content=\"article\" \/>\n<meta property=\"og:title\" content=\"Pol\u00edtica de cookies - MonV8.com\" \/>\n<meta property=\"og:description\" content=\"Darrera actualitzaci\u00f3: 25 de mar\u00e7 de 2025 1.1 Qu\u00e8 \u00e9s una cookie? Una cookie \u00e9s un sistema capa\u00e7 d\u2019emmagatzemar i\/o recopilar informaci\u00f3 relativa a la navegaci\u00f3 del terminal de l\u2019Usuari (ordinador, tauleta\u2026) sempre que aquest hi doni el seu consentiment i llevat que s\u2019hi oposi. 1.2 Finalitats de les cookies utilitzades al web Aquestes cookies [&hellip;]\" \/>\n<meta property=\"og:url\" content=\"https:\/\/monv8.com\/ca\/politica-de-cookies\/\" \/>\n<meta property=\"og:site_name\" content=\"MonV8.com\" \/>\n<meta property=\"article:modified_time\" content=\"2025-11-05T18:30:50+00:00\" \/>\n<meta name=\"twitter:card\" content=\"summary_large_image\" \/>\n<meta name=\"twitter:label1\" content=\"Temps estimat de lectura\" \/>\n\t<meta name=\"twitter:data1\" content=\"5 minuts\" \/>\n<script type=\"application\/ld+json\" class=\"yoast-schema-graph\">{\"@context\":\"https:\/\/schema.org\",\"@graph\":[{\"@type\":\"WebPage\",\"@id\":\"https:\/\/monv8.com\/ca\/politica-de-cookies\/\",\"url\":\"https:\/\/monv8.com\/ca\/politica-de-cookies\/\",\"name\":\"Pol\u00edtica de cookies - MonV8.com\",\"isPartOf\":{\"@id\":\"https:\/\/monv8.com\/ca\/#website\"},\"datePublished\":\"2024-11-29T11:56:34+00:00\",\"dateModified\":\"2025-11-05T18:30:50+00:00\",\"breadcrumb\":{\"@id\":\"https:\/\/monv8.com\/ca\/politica-de-cookies\/#breadcrumb\"},\"inLanguage\":\"ca\",\"potentialAction\":[{\"@type\":\"ReadAction\",\"target\":[\"https:\/\/monv8.com\/ca\/politica-de-cookies\/\"]}]},{\"@type\":\"BreadcrumbList\",\"@id\":\"https:\/\/monv8.com\/ca\/politica-de-cookies\/#breadcrumb\",\"itemListElement\":[{\"@type\":\"ListItem\",\"position\":1,\"name\":\"Accueil\",\"item\":\"https:\/\/monv8.com\/ca\/\"},{\"@type\":\"ListItem\",\"position\":2,\"name\":\"Pol\u00edtica de cookies\"}]},{\"@type\":\"WebSite\",\"@id\":\"https:\/\/monv8.com\/ca\/#website\",\"url\":\"https:\/\/monv8.com\/ca\/\",\"name\":\"Mon V8\",\"description\":\"D\u00e9pot \/ Vente de voitures de sport et de collection, sp\u00e9cialiste de l&#039;investissement\",\"publisher\":{\"@id\":\"https:\/\/monv8.com\/ca\/#organization\"},\"potentialAction\":[{\"@type\":\"SearchAction\",\"target\":{\"@type\":\"EntryPoint\",\"urlTemplate\":\"https:\/\/monv8.com\/ca\/?s={search_term_string}\"},\"query-input\":{\"@type\":\"PropertyValueSpecification\",\"valueRequired\":true,\"valueName\":\"search_term_string\"}}],\"inLanguage\":\"ca\"},{\"@type\":\"Organization\",\"@id\":\"https:\/\/monv8.com\/ca\/#organization\",\"name\":\"Mon V8\",\"url\":\"https:\/\/monv8.com\/ca\/\",\"logo\":{\"@type\":\"ImageObject\",\"inLanguage\":\"ca\",\"@id\":\"https:\/\/monv8.com\/ca\/#\/schema\/logo\/image\/\",\"url\":\"https:\/\/monv8.com\/wp-content\/uploads\/2024\/11\/Logo_MonV8_c_01.png\",\"contentUrl\":\"https:\/\/monv8.com\/wp-content\/uploads\/2024\/11\/Logo_MonV8_c_01.png\",\"width\":550,\"height\":137,\"caption\":\"Mon V8\"},\"image\":{\"@id\":\"https:\/\/monv8.com\/ca\/#\/schema\/logo\/image\/\"}}]}<\/script>\n<!-- \/ Yoast SEO plugin. -->","yoast_head_json":{"title":"Pol\u00edtica de cookies - MonV8.com","robots":{"index":"index","follow":"follow","max-snippet":"max-snippet:-1","max-image-preview":"max-image-preview:large","max-video-preview":"max-video-preview:-1"},"canonical":"https:\/\/monv8.com\/ca\/politica-de-cookies\/","og_locale":"ca_ES","og_type":"article","og_title":"Pol\u00edtica de cookies - MonV8.com","og_description":"Darrera actualitzaci\u00f3: 25 de mar\u00e7 de 2025 1.1 Qu\u00e8 \u00e9s una cookie? Una cookie \u00e9s un sistema capa\u00e7 d\u2019emmagatzemar i\/o recopilar informaci\u00f3 relativa a la navegaci\u00f3 del terminal de l\u2019Usuari (ordinador, tauleta\u2026) sempre que aquest hi doni el seu consentiment i llevat que s\u2019hi oposi. 1.2 Finalitats de les cookies utilitzades al web Aquestes cookies [&hellip;]","og_url":"https:\/\/monv8.com\/ca\/politica-de-cookies\/","og_site_name":"MonV8.com","article_modified_time":"2025-11-05T18:30:50+00:00","twitter_card":"summary_large_image","twitter_misc":{"Temps estimat de lectura":"5 minuts"},"schema":{"@context":"https:\/\/schema.org","@graph":[{"@type":"WebPage","@id":"https:\/\/monv8.com\/ca\/politica-de-cookies\/","url":"https:\/\/monv8.com\/ca\/politica-de-cookies\/","name":"Pol\u00edtica de cookies - MonV8.com","isPartOf":{"@id":"https:\/\/monv8.com\/ca\/#website"},"datePublished":"2024-11-29T11:56:34+00:00","dateModified":"2025-11-05T18:30:50+00:00","breadcrumb":{"@id":"https:\/\/monv8.com\/ca\/politica-de-cookies\/#breadcrumb"},"inLanguage":"ca","potentialAction":[{"@type":"ReadAction","target":["https:\/\/monv8.com\/ca\/politica-de-cookies\/"]}]},{"@type":"BreadcrumbList","@id":"https:\/\/monv8.com\/ca\/politica-de-cookies\/#breadcrumb","itemListElement":[{"@type":"ListItem","position":1,"name":"Accueil","item":"https:\/\/monv8.com\/ca\/"},{"@type":"ListItem","position":2,"name":"Pol\u00edtica de cookies"}]},{"@type":"WebSite","@id":"https:\/\/monv8.com\/ca\/#website","url":"https:\/\/monv8.com\/ca\/","name":"Mon V8","description":"D\u00e9pot \/ Vente de voitures de sport et de collection, sp\u00e9cialiste de l&#039;investissement","publisher":{"@id":"https:\/\/monv8.com\/ca\/#organization"},"potentialAction":[{"@type":"SearchAction","target":{"@type":"EntryPoint","urlTemplate":"https:\/\/monv8.com\/ca\/?s={search_term_string}"},"query-input":{"@type":"PropertyValueSpecification","valueRequired":true,"valueName":"search_term_string"}}],"inLanguage":"ca"},{"@type":"Organization","@id":"https:\/\/monv8.com\/ca\/#organization","name":"Mon V8","url":"https:\/\/monv8.com\/ca\/","logo":{"@type":"ImageObject","inLanguage":"ca","@id":"https:\/\/monv8.com\/ca\/#\/schema\/logo\/image\/","url":"https:\/\/monv8.com\/wp-content\/uploads\/2024\/11\/Logo_MonV8_c_01.png","contentUrl":"https:\/\/monv8.com\/wp-content\/uploads\/2024\/11\/Logo_MonV8_c_01.png","width":550,"height":137,"caption":"Mon V8"},"image":{"@id":"https:\/\/monv8.com\/ca\/#\/schema\/logo\/image\/"}}]}},"acf":[],"_links":{"self":[{"href":"https:\/\/monv8.com\/ca\/wp-json\/wp\/v2\/pages\/15128","targetHints":{"allow":["GET"]}}],"collection":[{"href":"https:\/\/monv8.com\/ca\/wp-json\/wp\/v2\/pages"}],"about":[{"href":"https:\/\/monv8.com\/ca\/wp-json\/wp\/v2\/types\/page"}],"author":[{"embeddable":true,"href":"https:\/\/monv8.com\/ca\/wp-json\/wp\/v2\/users\/1"}],"replies":[{"embeddable":true,"href":"https:\/\/monv8.com\/ca\/wp-json\/wp\/v2\/comments?post=15128"}],"version-history":[{"count":4,"href":"https:\/\/monv8.com\/ca\/wp-json\/wp\/v2\/pages\/15128\/revisions"}],"predecessor-version":[{"id":15141,"href":"https:\/\/monv8.com\/ca\/wp-json\/wp\/v2\/pages\/15128\/revisions\/15141"}],"wp:attachment":[{"href":"https:\/\/monv8.com\/ca\/wp-json\/wp\/v2\/media?parent=15128"}],"curies":[{"name":"wp","href":"https:\/\/api.w.org\/{rel}","templated":true}]}}