{"id":15670,"date":"2026-02-20T19:31:55","date_gmt":"2026-02-20T18:31:55","guid":{"rendered":"https:\/\/monv8.com\/?page_id=15670"},"modified":"2026-02-20T19:38:12","modified_gmt":"2026-02-20T18:38:12","slug":"anunci-de-feina-comercial","status":"publish","type":"page","link":"https:\/\/monv8.com\/ca\/anunci-de-feina-comercial\/","title":{"rendered":"Anunci de feina \u2013 Comercial (H\/D)"},"content":{"rendered":"\t\t<div data-elementor-type=\"wp-page\" data-elementor-id=\"15670\" class=\"elementor elementor-15670\" data-elementor-post-type=\"page\">\n\t\t\t\t\t\t<section class=\"elementor-section elementor-top-section elementor-element elementor-element-1714 elementor-section-boxed elementor-section-height-default elementor-section-height-default\" data-id=\"1714\" data-element_type=\"section\" data-e-type=\"section\">\n\t\t\t\t\t\t<div class=\"elementor-container elementor-column-gap-default\">\n\t\t\t\t\t<div class=\"elementor-column elementor-col-100 elementor-top-column elementor-element elementor-element-1d67\" data-id=\"1d67\" data-element_type=\"column\" data-e-type=\"column\">\n\t\t\t<div class=\"elementor-widget-wrap elementor-element-populated\">\n\t\t\t\t\t\t<div class=\"elementor-element elementor-element-703635a elementor-widget elementor-widget-text-editor\" data-id=\"703635a\" data-element_type=\"widget\" data-e-type=\"widget\" data-widget_type=\"text-editor.default\">\n\t\t\t\t<div class=\"elementor-widget-container\">\n\t\t\t\t\t\t\t\t\t<h4 data-start=\"42\" data-end=\"152\"><strong><img decoding=\"async\" class=\"emoji\" role=\"img\" draggable=\"false\" src=\"https:\/\/s.w.org\/images\/core\/emoji\/16.0.1\/svg\/1f697.svg\" alt=\"\ud83d\ude97\" \/> MonV8 contracta un\/a Comercial \u2013 Mitja jornada \u2013 Andorra<\/strong><\/h4><div>\u00a0<\/div><p><strong>MonV8<\/strong> continua el seu desenvolupament a Andorra!<\/p><p data-start=\"154\" data-end=\"316\">Especialista en cotxes americans cl\u00e0ssics i recents, <strong>MonV8.com<\/strong> busca un\/a comercial motivat\/da a mitja jornada per acompanyar el seu creixement al mercat andorr\u00e0.<\/p><p data-start=\"154\" data-end=\"316\">\u00a0<\/p><p data-start=\"318\" data-end=\"334\"><img decoding=\"async\" class=\"emoji\" role=\"img\" draggable=\"false\" src=\"https:\/\/s.w.org\/images\/core\/emoji\/16.0.1\/svg\/1f3af.svg\" alt=\"\ud83c\udfaf\" \/> Perfil buscat<\/p><ul><li data-start=\"338\" data-end=\"375\">Resident a Andorra (imprescindible)<\/li><li data-start=\"378\" data-end=\"421\">Jove, din\u00e0mic\/a i orientat\/da a resultats<\/li><li data-start=\"424\" data-end=\"443\">Catal\u00e0 obligatori<\/li><li data-start=\"446\" data-end=\"481\">Franc\u00e8s i espanyol indispensables<\/li><li data-start=\"484\" data-end=\"505\">Angl\u00e8s molt valorat<\/li><li data-start=\"508\" data-end=\"559\">Primera experi\u00e8ncia exitosa en venda d\u2019autom\u00f2bils<\/li><li data-start=\"562\" data-end=\"631\">Excel\u00b7lent domini del m\u00e0rqueting digital, internet i xarxes socials<\/li><\/ul><div>\u00a0<\/div><p data-start=\"633\" data-end=\"656\"><img decoding=\"async\" class=\"emoji\" role=\"img\" draggable=\"false\" src=\"https:\/\/s.w.org\/images\/core\/emoji\/16.0.1\/svg\/1f680.svg\" alt=\"\ud83d\ude80\" \/> Les vostres funcions<\/p><ul><li data-start=\"660\" data-end=\"703\">Desenvolupament comercial al mercat local<\/li><li data-start=\"706\" data-end=\"739\">Gesti\u00f3 i seguiment de prospects<\/li><li data-start=\"742\" data-end=\"798\">Dinamitzaci\u00f3 de les xarxes socials i pres\u00e8ncia digital<\/li><li data-start=\"801\" data-end=\"845\">Participaci\u00f3 en l\u2019estrat\u00e8gia de m\u00e0rqueting<\/li><li data-start=\"848\" data-end=\"910\">Acompanyament dels clients en el seu projecte automobil\u00edstic<\/li><\/ul><div>\u00a0<\/div><p data-start=\"912\" data-end=\"921\"><img decoding=\"async\" class=\"emoji\" role=\"img\" draggable=\"false\" src=\"https:\/\/s.w.org\/images\/core\/emoji\/16.0.1\/svg\/1f4bc.svg\" alt=\"\ud83d\udcbc\" \/> Oferim<\/p><ul><li data-start=\"925\" data-end=\"968\">Mitja jornada amb possibilitat d\u2019evoluci\u00f3<\/li><li data-start=\"971\" data-end=\"1031\">Incorporaci\u00f3 a una empresa apassionada i en plena expansi\u00f3<\/li><li data-start=\"1034\" data-end=\"1091\">Treballar en l\u2019univers prestigi\u00f3s dels cotxes americans<\/li><li data-start=\"1094\" data-end=\"1139\">Oportunitats de creixement segons rendiment<\/li><\/ul><div>\u00a0<\/div><p data-start=\"1141\" data-end=\"1201\"><img decoding=\"async\" class=\"emoji\" role=\"img\" draggable=\"false\" src=\"https:\/\/s.w.org\/images\/core\/emoji\/16.0.1\/svg\/1f4e9.svg\" alt=\"\ud83d\udce9\" \/> Envi\u00ef el seu CV i carta de motivaci\u00f3 a: <strong><a href=\"mailto:contact@monv8.com\">contact@monv8.com<\/a><\/strong><\/p>\t\t\t\t\t\t\t\t<\/div>\n\t\t\t\t<\/div>\n\t\t\t\t<div class=\"elementor-element elementor-element-06110e7 elementor-widget elementor-widget-spacer\" data-id=\"06110e7\" data-element_type=\"widget\" data-e-type=\"widget\" data-widget_type=\"spacer.default\">\n\t\t\t\t<div class=\"elementor-widget-container\">\n\t\t\t\t\t\t\t<div class=\"elementor-spacer\">\n\t\t\t<div class=\"elementor-spacer-inner\"><\/div>\n\t\t<\/div>\n\t\t\t\t\t\t<\/div>\n\t\t\t\t<\/div>\n\t\t\t\t\t<\/div>\n\t\t<\/div>\n\t\t\t\t\t<\/div>\n\t\t<\/section>\n\t\t\t\t<\/div>\n\t\t","protected":false},"excerpt":{"rendered":"<p>MonV8 contracta un\/a Comercial \u2013 Mitja jornada \u2013 Andorra \u00a0 MonV8 continua el seu desenvolupament a Andorra! Especialista en cotxes americans cl\u00e0ssics i recents, MonV8.com busca un\/a comercial motivat\/da a mitja jornada per acompanyar el seu creixement al mercat andorr\u00e0. \u00a0 Perfil buscat Resident a Andorra (imprescindible) Jove, din\u00e0mic\/a i orientat\/da a resultats Catal\u00e0 obligatori [&hellip;]<\/p>\n","protected":false},"author":1,"featured_media":15532,"parent":0,"menu_order":0,"comment_status":"closed","ping_status":"closed","template":"templates\/cadealer-elementor-full-width.php","meta":{"_acf_changed":false,"_joinchat":[],"footnotes":""},"class_list":["post-15670","page","type-page","status-publish","has-post-thumbnail","hentry"],"yoast_head":"<!-- This site is optimized with the Yoast SEO plugin v27.2 - https:\/\/yoast.com\/product\/yoast-seo-wordpress\/ -->\n<title>Chevrolet Corvette C8 Ocasi\u00f3 a Andorra<\/title>\n<meta name=\"description\" content=\"V8 LT2 STINGRAY R del 2022, S\u00e8rie Limitada Pack Z51, Origen TEXAS, vehicle homologat i matriculat a Andorra amb nom\u00e9s 12.999 km...\" \/>\n<meta name=\"robots\" content=\"index, follow, max-snippet:-1, max-image-preview:large, max-video-preview:-1\" \/>\n<link rel=\"canonical\" href=\"https:\/\/monv8.com\/ca\/anunci-de-feina-comercial\/\" \/>\n<meta property=\"og:locale\" content=\"ca_ES\" \/>\n<meta property=\"og:type\" content=\"article\" \/>\n<meta property=\"og:title\" content=\"Chevrolet Corvette C8 Ocasi\u00f3 a Andorra\" \/>\n<meta property=\"og:description\" content=\"V8 LT2 STINGRAY R del 2022, S\u00e8rie Limitada Pack Z51, Origen TEXAS, vehicle homologat i matriculat a Andorra amb nom\u00e9s 12.999 km...\" \/>\n<meta property=\"og:url\" content=\"https:\/\/monv8.com\/ca\/anunci-de-feina-comercial\/\" \/>\n<meta property=\"og:site_name\" content=\"MonV8.com\" \/>\n<meta property=\"article:modified_time\" content=\"2026-02-20T18:38:12+00:00\" \/>\n<meta property=\"og:image\" content=\"https:\/\/monv8.com\/wp-content\/uploads\/2025\/12\/C8-3-1.jpg\" \/>\n\t<meta property=\"og:image:width\" content=\"2142\" \/>\n\t<meta property=\"og:image:height\" content=\"1711\" \/>\n\t<meta property=\"og:image:type\" content=\"image\/jpeg\" \/>\n<meta name=\"twitter:card\" content=\"summary_large_image\" \/>\n<meta name=\"twitter:label1\" content=\"Temps estimat de lectura\" \/>\n\t<meta name=\"twitter:data1\" content=\"2 minuts\" \/>\n<script type=\"application\/ld+json\" class=\"yoast-schema-graph\">{\"@context\":\"https:\/\/schema.org\",\"@graph\":[{\"@type\":\"WebPage\",\"@id\":\"https:\/\/monv8.com\/ca\/anunci-de-feina-comercial\/\",\"url\":\"https:\/\/monv8.com\/ca\/anunci-de-feina-comercial\/\",\"name\":\"Chevrolet Corvette C8 Ocasi\u00f3 a Andorra\",\"isPartOf\":{\"@id\":\"https:\/\/monv8.com\/ca\/#website\"},\"primaryImageOfPage\":{\"@id\":\"https:\/\/monv8.com\/ca\/anunci-de-feina-comercial\/#primaryimage\"},\"image\":{\"@id\":\"https:\/\/monv8.com\/ca\/anunci-de-feina-comercial\/#primaryimage\"},\"thumbnailUrl\":\"https:\/\/monv8.com\/wp-content\/uploads\/2025\/12\/C8-3-1.jpg\",\"datePublished\":\"2026-02-20T18:31:55+00:00\",\"dateModified\":\"2026-02-20T18:38:12+00:00\",\"description\":\"V8 LT2 STINGRAY R del 2022, S\u00e8rie Limitada Pack Z51, Origen TEXAS, vehicle homologat i matriculat a Andorra amb nom\u00e9s 12.999 km...\",\"breadcrumb\":{\"@id\":\"https:\/\/monv8.com\/ca\/anunci-de-feina-comercial\/#breadcrumb\"},\"inLanguage\":\"ca\",\"potentialAction\":[{\"@type\":\"ReadAction\",\"target\":[\"https:\/\/monv8.com\/ca\/anunci-de-feina-comercial\/\"]}]},{\"@type\":\"ImageObject\",\"inLanguage\":\"ca\",\"@id\":\"https:\/\/monv8.com\/ca\/anunci-de-feina-comercial\/#primaryimage\",\"url\":\"https:\/\/monv8.com\/wp-content\/uploads\/2025\/12\/C8-3-1.jpg\",\"contentUrl\":\"https:\/\/monv8.com\/wp-content\/uploads\/2025\/12\/C8-3-1.jpg\",\"width\":2142,\"height\":1711,\"caption\":\"CHEVROLET CORVETTE C8 Occasion\"},{\"@type\":\"BreadcrumbList\",\"@id\":\"https:\/\/monv8.com\/ca\/anunci-de-feina-comercial\/#breadcrumb\",\"itemListElement\":[{\"@type\":\"ListItem\",\"position\":1,\"name\":\"Accueil\",\"item\":\"https:\/\/monv8.com\/ca\/\"},{\"@type\":\"ListItem\",\"position\":2,\"name\":\"Anunci de feina \u2013 Comercial (H\/D)\"}]},{\"@type\":\"WebSite\",\"@id\":\"https:\/\/monv8.com\/ca\/#website\",\"url\":\"https:\/\/monv8.com\/ca\/\",\"name\":\"Mon V8\",\"description\":\"D\u00e9pot \/ Vente de voitures de sport et de collection, sp\u00e9cialiste de l&#039;investissement\",\"publisher\":{\"@id\":\"https:\/\/monv8.com\/ca\/#organization\"},\"potentialAction\":[{\"@type\":\"SearchAction\",\"target\":{\"@type\":\"EntryPoint\",\"urlTemplate\":\"https:\/\/monv8.com\/ca\/?s={search_term_string}\"},\"query-input\":{\"@type\":\"PropertyValueSpecification\",\"valueRequired\":true,\"valueName\":\"search_term_string\"}}],\"inLanguage\":\"ca\"},{\"@type\":\"Organization\",\"@id\":\"https:\/\/monv8.com\/ca\/#organization\",\"name\":\"Mon V8\",\"url\":\"https:\/\/monv8.com\/ca\/\",\"logo\":{\"@type\":\"ImageObject\",\"inLanguage\":\"ca\",\"@id\":\"https:\/\/monv8.com\/ca\/#\/schema\/logo\/image\/\",\"url\":\"https:\/\/monv8.com\/wp-content\/uploads\/2024\/11\/Logo_MonV8_c_01.png\",\"contentUrl\":\"https:\/\/monv8.com\/wp-content\/uploads\/2024\/11\/Logo_MonV8_c_01.png\",\"width\":550,\"height\":137,\"caption\":\"Mon V8\"},\"image\":{\"@id\":\"https:\/\/monv8.com\/ca\/#\/schema\/logo\/image\/\"}}]}<\/script>\n<!-- \/ Yoast SEO plugin. -->","yoast_head_json":{"title":"Chevrolet Corvette C8 Ocasi\u00f3 a Andorra","description":"V8 LT2 STINGRAY R del 2022, S\u00e8rie Limitada Pack Z51, Origen TEXAS, vehicle homologat i matriculat a Andorra amb nom\u00e9s 12.999 km...","robots":{"index":"index","follow":"follow","max-snippet":"max-snippet:-1","max-image-preview":"max-image-preview:large","max-video-preview":"max-video-preview:-1"},"canonical":"https:\/\/monv8.com\/ca\/anunci-de-feina-comercial\/","og_locale":"ca_ES","og_type":"article","og_title":"Chevrolet Corvette C8 Ocasi\u00f3 a Andorra","og_description":"V8 LT2 STINGRAY R del 2022, S\u00e8rie Limitada Pack Z51, Origen TEXAS, vehicle homologat i matriculat a Andorra amb nom\u00e9s 12.999 km...","og_url":"https:\/\/monv8.com\/ca\/anunci-de-feina-comercial\/","og_site_name":"MonV8.com","article_modified_time":"2026-02-20T18:38:12+00:00","og_image":[{"width":2142,"height":1711,"url":"https:\/\/monv8.com\/wp-content\/uploads\/2025\/12\/C8-3-1.jpg","type":"image\/jpeg"}],"twitter_card":"summary_large_image","twitter_misc":{"Temps estimat de lectura":"2 minuts"},"schema":{"@context":"https:\/\/schema.org","@graph":[{"@type":"WebPage","@id":"https:\/\/monv8.com\/ca\/anunci-de-feina-comercial\/","url":"https:\/\/monv8.com\/ca\/anunci-de-feina-comercial\/","name":"Chevrolet Corvette C8 Ocasi\u00f3 a Andorra","isPartOf":{"@id":"https:\/\/monv8.com\/ca\/#website"},"primaryImageOfPage":{"@id":"https:\/\/monv8.com\/ca\/anunci-de-feina-comercial\/#primaryimage"},"image":{"@id":"https:\/\/monv8.com\/ca\/anunci-de-feina-comercial\/#primaryimage"},"thumbnailUrl":"https:\/\/monv8.com\/wp-content\/uploads\/2025\/12\/C8-3-1.jpg","datePublished":"2026-02-20T18:31:55+00:00","dateModified":"2026-02-20T18:38:12+00:00","description":"V8 LT2 STINGRAY R del 2022, S\u00e8rie Limitada Pack Z51, Origen TEXAS, vehicle homologat i matriculat a Andorra amb nom\u00e9s 12.999 km...","breadcrumb":{"@id":"https:\/\/monv8.com\/ca\/anunci-de-feina-comercial\/#breadcrumb"},"inLanguage":"ca","potentialAction":[{"@type":"ReadAction","target":["https:\/\/monv8.com\/ca\/anunci-de-feina-comercial\/"]}]},{"@type":"ImageObject","inLanguage":"ca","@id":"https:\/\/monv8.com\/ca\/anunci-de-feina-comercial\/#primaryimage","url":"https:\/\/monv8.com\/wp-content\/uploads\/2025\/12\/C8-3-1.jpg","contentUrl":"https:\/\/monv8.com\/wp-content\/uploads\/2025\/12\/C8-3-1.jpg","width":2142,"height":1711,"caption":"CHEVROLET CORVETTE C8 Occasion"},{"@type":"BreadcrumbList","@id":"https:\/\/monv8.com\/ca\/anunci-de-feina-comercial\/#breadcrumb","itemListElement":[{"@type":"ListItem","position":1,"name":"Accueil","item":"https:\/\/monv8.com\/ca\/"},{"@type":"ListItem","position":2,"name":"Anunci de feina \u2013 Comercial (H\/D)"}]},{"@type":"WebSite","@id":"https:\/\/monv8.com\/ca\/#website","url":"https:\/\/monv8.com\/ca\/","name":"Mon V8","description":"D\u00e9pot \/ Vente de voitures de sport et de collection, sp\u00e9cialiste de l&#039;investissement","publisher":{"@id":"https:\/\/monv8.com\/ca\/#organization"},"potentialAction":[{"@type":"SearchAction","target":{"@type":"EntryPoint","urlTemplate":"https:\/\/monv8.com\/ca\/?s={search_term_string}"},"query-input":{"@type":"PropertyValueSpecification","valueRequired":true,"valueName":"search_term_string"}}],"inLanguage":"ca"},{"@type":"Organization","@id":"https:\/\/monv8.com\/ca\/#organization","name":"Mon V8","url":"https:\/\/monv8.com\/ca\/","logo":{"@type":"ImageObject","inLanguage":"ca","@id":"https:\/\/monv8.com\/ca\/#\/schema\/logo\/image\/","url":"https:\/\/monv8.com\/wp-content\/uploads\/2024\/11\/Logo_MonV8_c_01.png","contentUrl":"https:\/\/monv8.com\/wp-content\/uploads\/2024\/11\/Logo_MonV8_c_01.png","width":550,"height":137,"caption":"Mon V8"},"image":{"@id":"https:\/\/monv8.com\/ca\/#\/schema\/logo\/image\/"}}]}},"acf":[],"_links":{"self":[{"href":"https:\/\/monv8.com\/ca\/wp-json\/wp\/v2\/pages\/15670","targetHints":{"allow":["GET"]}}],"collection":[{"href":"https:\/\/monv8.com\/ca\/wp-json\/wp\/v2\/pages"}],"about":[{"href":"https:\/\/monv8.com\/ca\/wp-json\/wp\/v2\/types\/page"}],"author":[{"embeddable":true,"href":"https:\/\/monv8.com\/ca\/wp-json\/wp\/v2\/users\/1"}],"replies":[{"embeddable":true,"href":"https:\/\/monv8.com\/ca\/wp-json\/wp\/v2\/comments?post=15670"}],"version-history":[{"count":16,"href":"https:\/\/monv8.com\/ca\/wp-json\/wp\/v2\/pages\/15670\/revisions"}],"predecessor-version":[{"id":15687,"href":"https:\/\/monv8.com\/ca\/wp-json\/wp\/v2\/pages\/15670\/revisions\/15687"}],"wp:featuredmedia":[{"embeddable":true,"href":"https:\/\/monv8.com\/ca\/wp-json\/wp\/v2\/media\/15532"}],"wp:attachment":[{"href":"https:\/\/monv8.com\/ca\/wp-json\/wp\/v2\/media?parent=15670"}],"curies":[{"name":"wp","href":"https:\/\/api.w.org\/{rel}","templated":true}]}}